{"id":298,"date":"2025-12-17T19:47:33","date_gmt":"2025-12-17T18:47:33","guid":{"rendered":"https:\/\/phonemfestival.ch\/?page_id=298"},"modified":"2026-01-21T15:37:04","modified_gmt":"2026-01-21T14:37:04","slug":"info","status":"publish","type":"page","link":"https:\/\/phonemfestival.ch\/en\/info\/","title":{"rendered":"Info"},"content":{"rendered":"<div data-elementor-type=\"wp-page\" data-elementor-id=\"298\" class=\"elementor elementor-298\" data-elementor-post-type=\"page\">\n\t\t\t\t<div class=\"elementor-element elementor-element-8fae49f e-flex e-con-boxed e-con e-parent\" data-id=\"8fae49f\" data-element_type=\"container\" data-e-type=\"container\">\n\t\t\t\t\t<div class=\"e-con-inner\">\n\t\t\t\t<div class=\"elementor-element elementor-element-e1b6b87 elementor-widget elementor-widget-heading\" data-id=\"e1b6b87\" data-element_type=\"widget\" data-e-type=\"widget\" data-widget_type=\"heading.default\">\n\t\t\t\t\t<h1 class=\"elementor-heading-title elementor-size-default\">INFO<\/h1>\t\t\t\t<\/div>\n\t\t\t\t\t<\/div>\n\t\t\t\t<\/div>\n\t\t<div class=\"elementor-element elementor-element-f1c3fe7 e-flex e-con-boxed e-con e-parent\" data-id=\"f1c3fe7\" data-element_type=\"container\" data-e-type=\"container\">\n\t\t\t\t\t<div class=\"e-con-inner\">\n\t\t<div class=\"elementor-element elementor-element-d3179d8 e-con-full e-flex e-con e-child\" data-id=\"d3179d8\" data-element_type=\"container\" data-e-type=\"container\">\n\t\t\t\t<div class=\"elementor-element elementor-element-5702053 elementor-widget elementor-widget-heading\" data-id=\"5702053\" data-element_type=\"widget\" data-e-type=\"widget\" data-widget_type=\"heading.default\">\n\t\t\t\t\t<h2 class=\"elementor-heading-title elementor-size-default\">Location<\/h2>\t\t\t\t<\/div>\n\t\t<div class=\"elementor-element elementor-element-3766b93 e-con-full e-flex e-con e-child\" data-id=\"3766b93\" data-element_type=\"container\" data-e-type=\"container\">\n\t\t<div class=\"elementor-element elementor-element-7f16df3 e-con-full e-flex e-con e-child\" data-id=\"7f16df3\" data-element_type=\"container\" data-e-type=\"container\">\n\t\t\t\t<div class=\"elementor-element elementor-element-97ecec6 elementor-widget elementor-widget-image\" data-id=\"97ecec6\" data-element_type=\"widget\" data-e-type=\"widget\" data-widget_type=\"image.default\">\n\t\t\t\t\t\t\t\t\t\t\t\t\t\t\t<img fetchpriority=\"high\" decoding=\"async\" width=\"314\" height=\"210\" src=\"https:\/\/phonemfestival.ch\/wp-content\/uploads\/2025\/12\/unnamed-1-1.jpg\" class=\"attachment-large size-large wp-image-300\" alt=\"\" srcset=\"https:\/\/phonemfestival.ch\/wp-content\/uploads\/2025\/12\/unnamed-1-1.jpg 314w, https:\/\/phonemfestival.ch\/wp-content\/uploads\/2025\/12\/unnamed-1-1-300x201.jpg 300w\" sizes=\"(max-width: 314px) 100vw, 314px\" \/>\t\t\t\t\t\t\t\t\t\t\t\t\t\t\t<\/div>\n\t\t\t\t<\/div>\n\t\t<div class=\"elementor-element elementor-element-c4548ba e-con-full e-flex e-con e-child\" data-id=\"c4548ba\" data-element_type=\"container\" data-e-type=\"container\">\n\t\t\t\t<div class=\"elementor-element elementor-element-bbc464f elementor-widget elementor-widget-text-editor\" data-id=\"bbc464f\" data-element_type=\"widget\" data-e-type=\"widget\" data-widget_type=\"text-editor.default\">\n\t\t\t\t\t\t\t\t\t<p><strong>Kunstraum Walcheturm<\/strong><br \/>Kanonengasse 20<br \/>8004 Z\u00fcrich<\/p>\t\t\t\t\t\t\t\t<\/div>\n\t\t\t\t<div class=\"elementor-element elementor-element-d38fa87 elementor-icon-list--layout-traditional elementor-list-item-link-full_width elementor-widget elementor-widget-icon-list\" data-id=\"d38fa87\" data-element_type=\"widget\" data-e-type=\"widget\" data-widget_type=\"icon-list.default\">\n\t\t\t\t\t\t\t<ul class=\"elementor-icon-list-items\">\n\t\t\t\t\t\t\t<li class=\"elementor-icon-list-item\">\n\t\t\t\t\t\t\t\t\t\t\t<a href=\"https:\/\/maps.app.goo.gl\/j6FHDCMCSf4t51zu7\" target=\"_blank\">\n\n\t\t\t\t\t\t\t\t\t\t\t\t<span class=\"elementor-icon-list-icon\">\n\t\t\t\t\t\t\t<svg aria-hidden=\"true\" class=\"e-font-icon-svg e-fas-map-marker-alt\" viewbox=\"0 0 384 512\" xmlns=\"http:\/\/www.w3.org\/2000\/svg\"><path d=\"M172.268 501.67C26.97 291.031 0 269.413 0 192 0 85.961 85.961 0 192 0s192 85.961 192 192c0 77.413-26.97 99.031-172.268 309.67-9.535 13.774-29.93 13.773-39.464 0zM192 272c44.183 0 80-35.817 80-80s-35.817-80-80-80-80 35.817-80 80 35.817 80 80 80z\"><\/path><\/svg>\t\t\t\t\t\t<\/span>\n\t\t\t\t\t\t\t\t\t\t<span class=\"elementor-icon-list-text\">Find on GMap<\/span>\n\t\t\t\t\t\t\t\t\t\t\t<\/a>\n\t\t\t\t\t\t\t\t\t<\/li>\n\t\t\t\t\t\t<\/ul>\n\t\t\t\t\t\t<\/div>\n\t\t\t\t<\/div>\n\t\t\t\t<\/div>\n\t\t<div class=\"elementor-element elementor-element-a42a823 e-con-full e-flex e-con e-child\" data-id=\"a42a823\" data-element_type=\"container\" data-e-type=\"container\">\n\t\t<div class=\"elementor-element elementor-element-28a8388 e-con-full e-flex e-con e-child\" data-id=\"28a8388\" data-element_type=\"container\" data-e-type=\"container\">\n\t\t\t\t<div class=\"elementor-element elementor-element-f333b2f elementor-widget elementor-widget-image\" data-id=\"f333b2f\" data-element_type=\"widget\" data-e-type=\"widget\" data-widget_type=\"image.default\">\n\t\t\t\t\t\t\t\t\t\t\t\t\t\t\t<img decoding=\"async\" width=\"314\" height=\"210\" src=\"https:\/\/phonemfestival.ch\/wp-content\/uploads\/2025\/12\/unnamed-1-1-1.jpg\" class=\"attachment-large size-large wp-image-715\" alt=\"\" srcset=\"https:\/\/phonemfestival.ch\/wp-content\/uploads\/2025\/12\/unnamed-1-1-1.jpg 314w, https:\/\/phonemfestival.ch\/wp-content\/uploads\/2025\/12\/unnamed-1-1-1-300x201.jpg 300w, https:\/\/phonemfestival.ch\/wp-content\/uploads\/2025\/12\/unnamed-1-1-1-18x12.jpg 18w\" sizes=\"(max-width: 314px) 100vw, 314px\" \/>\t\t\t\t\t\t\t\t\t\t\t\t\t\t\t<\/div>\n\t\t\t\t<\/div>\n\t\t<div class=\"elementor-element elementor-element-74034b5 e-con-full e-flex e-con e-child\" data-id=\"74034b5\" data-element_type=\"container\" data-e-type=\"container\">\n\t\t\t\t<div class=\"elementor-element elementor-element-efb5b8d elementor-widget elementor-widget-text-editor\" data-id=\"efb5b8d\" data-element_type=\"widget\" data-e-type=\"widget\" data-widget_type=\"text-editor.default\">\n\t\t\t\t\t\t\t\t\t<p><strong>WIM Z\u00fcrich<br \/><\/strong>Magnusstrasse 5<br \/>8004 Z\u00fcrich<\/p>\t\t\t\t\t\t\t\t<\/div>\n\t\t\t\t<div class=\"elementor-element elementor-element-e67efcf elementor-icon-list--layout-traditional elementor-list-item-link-full_width elementor-widget elementor-widget-icon-list\" data-id=\"e67efcf\" data-element_type=\"widget\" data-e-type=\"widget\" data-widget_type=\"icon-list.default\">\n\t\t\t\t\t\t\t<ul class=\"elementor-icon-list-items\">\n\t\t\t\t\t\t\t<li class=\"elementor-icon-list-item\">\n\t\t\t\t\t\t\t\t\t\t\t<a href=\"https:\/\/maps.app.goo.gl\/vJiAmAxsJJJA43V27\" target=\"_blank\">\n\n\t\t\t\t\t\t\t\t\t\t\t\t<span class=\"elementor-icon-list-icon\">\n\t\t\t\t\t\t\t<svg aria-hidden=\"true\" class=\"e-font-icon-svg e-fas-map-marker-alt\" viewbox=\"0 0 384 512\" xmlns=\"http:\/\/www.w3.org\/2000\/svg\"><path d=\"M172.268 501.67C26.97 291.031 0 269.413 0 192 0 85.961 85.961 0 192 0s192 85.961 192 192c0 77.413-26.97 99.031-172.268 309.67-9.535 13.774-29.93 13.773-39.464 0zM192 272c44.183 0 80-35.817 80-80s-35.817-80-80-80-80 35.817-80 80 35.817 80 80 80z\"><\/path><\/svg>\t\t\t\t\t\t<\/span>\n\t\t\t\t\t\t\t\t\t\t<span class=\"elementor-icon-list-text\">Find on GMap<\/span>\n\t\t\t\t\t\t\t\t\t\t\t<\/a>\n\t\t\t\t\t\t\t\t\t<\/li>\n\t\t\t\t\t\t<\/ul>\n\t\t\t\t\t\t<\/div>\n\t\t\t\t<\/div>\n\t\t\t\t<\/div>\n\t\t\t\t<div class=\"elementor-element elementor-element-9a1f655 elementor-widget elementor-widget-heading\" data-id=\"9a1f655\" data-element_type=\"widget\" data-e-type=\"widget\" data-widget_type=\"heading.default\">\n\t\t\t\t\t<h2 class=\"elementor-heading-title elementor-size-default\">Bar<\/h2>\t\t\t\t<\/div>\n\t\t\t\t<div class=\"elementor-element elementor-element-1179fcf elementor-widget elementor-widget-text-editor\" data-id=\"1179fcf\" data-element_type=\"widget\" data-e-type=\"widget\" data-widget_type=\"text-editor.default\">\n\t\t\t\t\t\t\t\t\t<p><strong>Saturday +Sunday: Dinner at the bar (soup &amp; sandwiches) by <a href=\"https:\/\/ziegelohlac.ch\/\" target=\"_blank\" rel=\"noopener\">Ziegel Oh Lac.<\/a> <\/strong>Advance booking required - at least one week before:<a href=\"mailto:contact@phonemfestival.ch\" target=\"_blank\" rel=\"noopener\"> contact@phonemfestival.ch<\/a><\/p>\t\t\t\t\t\t\t\t<\/div>\n\t\t\t\t<div class=\"elementor-element elementor-element-afd04b5 elementor-widget elementor-widget-heading\" data-id=\"afd04b5\" data-element_type=\"widget\" data-e-type=\"widget\" data-widget_type=\"heading.default\">\n\t\t\t\t\t<h2 class=\"elementor-heading-title elementor-size-default\">Doors<\/h2>\t\t\t\t<\/div>\n\t\t\t\t<div class=\"elementor-element elementor-element-240db9d elementor-widget elementor-widget-text-editor\" data-id=\"240db9d\" data-element_type=\"widget\" data-e-type=\"widget\" data-widget_type=\"text-editor.default\">\n\t\t\t\t\t\t\t\t\t<p>The ticketing and the festival bar (cash only) open 30 Minutes prior to the performances.<\/p>\t\t\t\t\t\t\t\t<\/div>\n\t\t\t\t<\/div>\n\t\t<div class=\"elementor-element elementor-element-d89b9ff e-con-full e-flex e-con e-child\" data-id=\"d89b9ff\" data-element_type=\"container\" data-e-type=\"container\">\n\t\t\t\t<div class=\"elementor-element elementor-element-74c7fbf elementor-widget elementor-widget-heading\" data-id=\"74c7fbf\" data-element_type=\"widget\" data-e-type=\"widget\" data-widget_type=\"heading.default\">\n\t\t\t\t\t<h2 class=\"elementor-heading-title elementor-size-default\">Tickets<\/h2>\t\t\t\t<\/div>\n\t\t\t\t<div class=\"elementor-element elementor-element-d76e0de elementor-widget elementor-widget-text-editor\" data-id=\"d76e0de\" data-element_type=\"widget\" data-e-type=\"widget\" data-widget_type=\"text-editor.default\">\n\t\t\t\t\t\t\t\t\t<p>Single Entry: CHF 30.-<br \/>Daypass: CHF 50.-<br \/>Festival Pass (3 Tage): CHF 105.-<br \/>AHV, Studierende, Kultur-Legi: CHF 20.-\/35.-\/80.-<\/p>\t\t\t\t\t\t\t\t<\/div>\n\t\t\t\t<div class=\"elementor-element elementor-element-0036662 elementor-widget elementor-widget-button\" data-id=\"0036662\" data-element_type=\"widget\" data-e-type=\"widget\" data-widget_type=\"button.default\">\n\t\t\t\t\t\t\t\t\t\t<a class=\"elementor-button elementor-button-link elementor-size-sm\" href=\"mailto:contact@phonemfestival.ch?subject=Ticket%20reservation%20Request&#038;body=I%20would%20like%20to%20reserve%20...%20tickets%20for%20...%20on%20...\" target=\"_blank\">\n\t\t\t\t\t\t<span class=\"elementor-button-content-wrapper\">\n\t\t\t\t\t\t\t\t\t<span class=\"elementor-button-text\">Buy Tickets<\/span>\n\t\t\t\t\t<\/span>\n\t\t\t\t\t<\/a>\n\t\t\t\t\t\t\t\t<\/div>\n\t\t\t\t<div class=\"elementor-element elementor-element-eb76348 elementor-widget elementor-widget-heading\" data-id=\"eb76348\" data-element_type=\"widget\" data-e-type=\"widget\" data-widget_type=\"heading.default\">\n\t\t\t\t\t<h2 class=\"elementor-heading-title elementor-size-default\">Contact<\/h2>\t\t\t\t<\/div>\n\t\t\t\t<div class=\"elementor-element elementor-element-77e26a6 elementor-widget elementor-widget-text-editor\" data-id=\"77e26a6\" data-element_type=\"widget\" data-e-type=\"widget\" data-widget_type=\"text-editor.default\">\n\t\t\t\t\t\t\t\t\t<p><a href=\"mailto:contact@phonemfestival.ch\" target=\"_blank\" rel=\"noopener\">contact@phonemfestival.ch<\/a><br \/><a href=\"mailto:zweitagezeit@gmail.com\" target=\"_blank\" rel=\"noopener\">zweitagezeit@gmail.com<\/a><br \/><br \/><strong>Verein Zwei Tage Zeit<\/strong><br \/>Tannenrauchstrasse 110,<br \/>CH &#8211; 8038 Z\u00fcrich<\/p>\t\t\t\t\t\t\t\t<\/div>\n\t\t\t\t<\/div>\n\t\t\t\t\t<\/div>\n\t\t\t\t<\/div>\n\t\t<div class=\"elementor-element elementor-element-088c06d e-flex e-con-boxed e-con e-parent\" data-id=\"088c06d\" data-element_type=\"container\" data-e-type=\"container\">\n\t\t\t\t\t<div class=\"e-con-inner\">\n\t\t\t\t<div class=\"elementor-element elementor-element-7d8f51a elementor-widget elementor-widget-heading\" data-id=\"7d8f51a\" data-element_type=\"widget\" data-e-type=\"widget\" data-widget_type=\"heading.default\">\n\t\t\t\t\t<div class=\"elementor-heading-title elementor-size-default\">Stay up to date<\/div>\t\t\t\t<\/div>\n\t\t\t\t<div class=\"elementor-element elementor-element-17d3a8c elementor-widget elementor-widget-heading\" data-id=\"17d3a8c\" data-element_type=\"widget\" data-e-type=\"widget\" data-widget_type=\"heading.default\">\n\t\t\t\t\t<div class=\"elementor-heading-title elementor-size-default\">Sign up for our newsletter to receive up-to-date information about the festival<\/div>\t\t\t\t<\/div>\n\t\t\t\t<div class=\"elementor-element elementor-element-fee1312 elementor-align-center elementor-widget elementor-widget-button\" data-id=\"fee1312\" data-element_type=\"widget\" data-e-type=\"widget\" data-widget_type=\"button.default\">\n\t\t\t\t\t\t\t\t\t\t<a class=\"elementor-button elementor-button-link elementor-size-sm\" href=\"https:\/\/f4a1d13f.sibforms.com\/serve\/MUIFAHSVsEJVMfW-nIiphr2WTkKiFDVSiEQZtgkJIJBXVJLRalfYuXGdj1WE2WSawGePdvl-Ph6Hv1dgSBwfBJ9SLNXrMXVJqCdahEhcN7GL97sdycH3n5sSAXa1BdESD1sWAeHCnq7H_icOK4A-OVtFyp9QR2FHEQ8pUicyqHN7suUuGBKc71TycwCvUHuCDiQaWNxKIivA4iGulg==\" target=\"_blank\">\n\t\t\t\t\t\t<span class=\"elementor-button-content-wrapper\">\n\t\t\t\t\t\t\t\t\t<span class=\"elementor-button-text\">Subscribe<\/span>\n\t\t\t\t\t<\/span>\n\t\t\t\t\t<\/a>\n\t\t\t\t\t\t\t\t<\/div>\n\t\t\t\t\t<\/div>\n\t\t\t\t<\/div>\n\t\t\t\t<\/div>","protected":false},"excerpt":{"rendered":"<p>INFO Ort Kunstraum WalcheturmKanonengasse 208004 Z\u00fcrich Find on GMap WIM Z\u00fcrichMagnusstrasse 58004 Z\u00fcrich Find on GMap Bar Sa+So: Abendessen an der Bar (Suppe &amp; Sandwiches) von Ziegel Oh Lac. Voranmeldung erforderlich &#8211; mindestens eine Woche im Voraus: contact@phonemfestival.ch T\u00fcr\u00f6ffnung Abendkasse und Festivalbar (nur Barzahlung m\u00f6glich) \u00f6ffnet 30 Minuten vor Vorstellungsbeginn. Tickets Einzeleintritt: CHF 30.-Tagespass: CHF [&hellip;]<\/p>\n","protected":false},"author":1,"featured_media":0,"parent":0,"menu_order":0,"comment_status":"closed","ping_status":"closed","template":"","meta":{"footnotes":""},"class_list":["post-298","page","type-page","status-publish","hentry"],"yoast_head":"<!-- This site is optimized with the Yoast SEO plugin v27.4 - https:\/\/yoast.com\/product\/yoast-seo-wordpress\/ -->\n<title>Info - Phonem Festival<\/title>\n<meta name=\"robots\" content=\"index, follow, max-snippet:-1, max-image-preview:large, max-video-preview:-1\" \/>\n<link rel=\"canonical\" href=\"https:\/\/phonemfestival.ch\/en\/info\/\" \/>\n<meta property=\"og:locale\" content=\"en_GB\" \/>\n<meta property=\"og:type\" content=\"article\" \/>\n<meta property=\"og:title\" content=\"Info - Phonem Festival\" \/>\n<meta property=\"og:description\" content=\"INFO Ort Kunstraum WalcheturmKanonengasse 208004 Z\u00fcrich Find on GMap WIM Z\u00fcrichMagnusstrasse 58004 Z\u00fcrich Find on GMap Bar Sa+So: Abendessen an der Bar (Suppe &amp; Sandwiches) von Ziegel Oh Lac. Voranmeldung erforderlich &#8211; mindestens eine Woche im Voraus: contact@phonemfestival.ch T\u00fcr\u00f6ffnung Abendkasse und Festivalbar (nur Barzahlung m\u00f6glich) \u00f6ffnet 30 Minuten vor Vorstellungsbeginn. Tickets Einzeleintritt: CHF 30.-Tagespass: CHF [&hellip;]\" \/>\n<meta property=\"og:url\" content=\"https:\/\/phonemfestival.ch\/en\/info\/\" \/>\n<meta property=\"og:site_name\" content=\"Phonem Festival\" \/>\n<meta property=\"article:publisher\" content=\"https:\/\/www.facebook.com\/people\/Phonem-Zwei-Tage-Zeit\/pfbid02DsAuc7tnHShAhL38Y3kdRKUWQNNm4mgD2krJLm8UWJLs6kKWbGAE6AUXEjw4dgAdl\/\" \/>\n<meta property=\"article:modified_time\" content=\"2026-01-21T14:37:04+00:00\" \/>\n<meta property=\"og:image\" content=\"https:\/\/phonemfestival.ch\/wp-content\/uploads\/2025\/12\/unnamed-1-1.jpg\" \/>\n<meta name=\"twitter:card\" content=\"summary_large_image\" \/>\n<meta name=\"twitter:label1\" content=\"Estimated reading time\" \/>\n\t<meta name=\"twitter:data1\" content=\"1 minute\" \/>\n<script type=\"application\/ld+json\" class=\"yoast-schema-graph\">{\"@context\":\"https:\\\/\\\/schema.org\",\"@graph\":[{\"@type\":\"WebPage\",\"@id\":\"https:\\\/\\\/phonemfestival.ch\\\/info\\\/\",\"url\":\"https:\\\/\\\/phonemfestival.ch\\\/info\\\/\",\"name\":\"Info - Phonem Festival\",\"isPartOf\":{\"@id\":\"https:\\\/\\\/phonemfestival.ch\\\/#website\"},\"primaryImageOfPage\":{\"@id\":\"https:\\\/\\\/phonemfestival.ch\\\/info\\\/#primaryimage\"},\"image\":{\"@id\":\"https:\\\/\\\/phonemfestival.ch\\\/info\\\/#primaryimage\"},\"thumbnailUrl\":\"https:\\\/\\\/phonemfestival.ch\\\/wp-content\\\/uploads\\\/2025\\\/12\\\/unnamed-1-1.jpg\",\"datePublished\":\"2025-12-17T18:47:33+00:00\",\"dateModified\":\"2026-01-21T14:37:04+00:00\",\"breadcrumb\":{\"@id\":\"https:\\\/\\\/phonemfestival.ch\\\/info\\\/#breadcrumb\"},\"inLanguage\":\"en-GB\",\"potentialAction\":[{\"@type\":\"ReadAction\",\"target\":[\"https:\\\/\\\/phonemfestival.ch\\\/info\\\/\"]}]},{\"@type\":\"ImageObject\",\"inLanguage\":\"en-GB\",\"@id\":\"https:\\\/\\\/phonemfestival.ch\\\/info\\\/#primaryimage\",\"url\":\"https:\\\/\\\/phonemfestival.ch\\\/wp-content\\\/uploads\\\/2025\\\/12\\\/unnamed-1-1.jpg\",\"contentUrl\":\"https:\\\/\\\/phonemfestival.ch\\\/wp-content\\\/uploads\\\/2025\\\/12\\\/unnamed-1-1.jpg\"},{\"@type\":\"BreadcrumbList\",\"@id\":\"https:\\\/\\\/phonemfestival.ch\\\/info\\\/#breadcrumb\",\"itemListElement\":[{\"@type\":\"ListItem\",\"position\":1,\"name\":\"Home\",\"item\":\"https:\\\/\\\/phonemfestival.ch\\\/\"},{\"@type\":\"ListItem\",\"position\":2,\"name\":\"Info\"}]},{\"@type\":\"WebSite\",\"@id\":\"https:\\\/\\\/phonemfestival.ch\\\/#website\",\"url\":\"https:\\\/\\\/phonemfestival.ch\\\/\",\"name\":\"Phonem Festival\",\"description\":\"\",\"publisher\":{\"@id\":\"https:\\\/\\\/phonemfestival.ch\\\/#organization\"},\"potentialAction\":[{\"@type\":\"SearchAction\",\"target\":{\"@type\":\"EntryPoint\",\"urlTemplate\":\"https:\\\/\\\/phonemfestival.ch\\\/?s={search_term_string}\"},\"query-input\":{\"@type\":\"PropertyValueSpecification\",\"valueRequired\":true,\"valueName\":\"search_term_string\"}}],\"inLanguage\":\"en-GB\"},{\"@type\":\"Organization\",\"@id\":\"https:\\\/\\\/phonemfestival.ch\\\/#organization\",\"name\":\"Phonem Festival\",\"url\":\"https:\\\/\\\/phonemfestival.ch\\\/\",\"logo\":{\"@type\":\"ImageObject\",\"inLanguage\":\"en-GB\",\"@id\":\"https:\\\/\\\/phonemfestival.ch\\\/#\\\/schema\\\/logo\\\/image\\\/\",\"url\":\"https:\\\/\\\/phonemfestival.ch\\\/wp-content\\\/uploads\\\/2025\\\/12\\\/Phonem-logo-wave.svg\",\"contentUrl\":\"https:\\\/\\\/phonemfestival.ch\\\/wp-content\\\/uploads\\\/2025\\\/12\\\/Phonem-logo-wave.svg\",\"caption\":\"Phonem Festival\"},\"image\":{\"@id\":\"https:\\\/\\\/phonemfestival.ch\\\/#\\\/schema\\\/logo\\\/image\\\/\"},\"sameAs\":[\"https:\\\/\\\/www.facebook.com\\\/people\\\/Phonem-Zwei-Tage-Zeit\\\/pfbid02DsAuc7tnHShAhL38Y3kdRKUWQNNm4mgD2krJLm8UWJLs6kKWbGAE6AUXEjw4dgAdl\\\/\",\"https:\\\/\\\/www.instagram.com\\\/phonem_festival\\\/\"]}]}<\/script>\n<!-- \/ Yoast SEO plugin. -->","yoast_head_json":{"title":"Info - Phonem Festival","robots":{"index":"index","follow":"follow","max-snippet":"max-snippet:-1","max-image-preview":"max-image-preview:large","max-video-preview":"max-video-preview:-1"},"canonical":"https:\/\/phonemfestival.ch\/en\/info\/","og_locale":"en_GB","og_type":"article","og_title":"Info - Phonem Festival","og_description":"INFO Ort Kunstraum WalcheturmKanonengasse 208004 Z\u00fcrich Find on GMap WIM Z\u00fcrichMagnusstrasse 58004 Z\u00fcrich Find on GMap Bar Sa+So: Abendessen an der Bar (Suppe &amp; Sandwiches) von Ziegel Oh Lac. Voranmeldung erforderlich &#8211; mindestens eine Woche im Voraus: contact@phonemfestival.ch T\u00fcr\u00f6ffnung Abendkasse und Festivalbar (nur Barzahlung m\u00f6glich) \u00f6ffnet 30 Minuten vor Vorstellungsbeginn. Tickets Einzeleintritt: CHF 30.-Tagespass: CHF [&hellip;]","og_url":"https:\/\/phonemfestival.ch\/en\/info\/","og_site_name":"Phonem Festival","article_publisher":"https:\/\/www.facebook.com\/people\/Phonem-Zwei-Tage-Zeit\/pfbid02DsAuc7tnHShAhL38Y3kdRKUWQNNm4mgD2krJLm8UWJLs6kKWbGAE6AUXEjw4dgAdl\/","article_modified_time":"2026-01-21T14:37:04+00:00","og_image":[{"url":"https:\/\/phonemfestival.ch\/wp-content\/uploads\/2025\/12\/unnamed-1-1.jpg","type":"","width":"","height":""}],"twitter_card":"summary_large_image","twitter_misc":{"Estimated reading time":"1 minute"},"schema":{"@context":"https:\/\/schema.org","@graph":[{"@type":"WebPage","@id":"https:\/\/phonemfestival.ch\/info\/","url":"https:\/\/phonemfestival.ch\/info\/","name":"Info - Phonem Festival","isPartOf":{"@id":"https:\/\/phonemfestival.ch\/#website"},"primaryImageOfPage":{"@id":"https:\/\/phonemfestival.ch\/info\/#primaryimage"},"image":{"@id":"https:\/\/phonemfestival.ch\/info\/#primaryimage"},"thumbnailUrl":"https:\/\/phonemfestival.ch\/wp-content\/uploads\/2025\/12\/unnamed-1-1.jpg","datePublished":"2025-12-17T18:47:33+00:00","dateModified":"2026-01-21T14:37:04+00:00","breadcrumb":{"@id":"https:\/\/phonemfestival.ch\/info\/#breadcrumb"},"inLanguage":"en-GB","potentialAction":[{"@type":"ReadAction","target":["https:\/\/phonemfestival.ch\/info\/"]}]},{"@type":"ImageObject","inLanguage":"en-GB","@id":"https:\/\/phonemfestival.ch\/info\/#primaryimage","url":"https:\/\/phonemfestival.ch\/wp-content\/uploads\/2025\/12\/unnamed-1-1.jpg","contentUrl":"https:\/\/phonemfestival.ch\/wp-content\/uploads\/2025\/12\/unnamed-1-1.jpg"},{"@type":"BreadcrumbList","@id":"https:\/\/phonemfestival.ch\/info\/#breadcrumb","itemListElement":[{"@type":"ListItem","position":1,"name":"Home","item":"https:\/\/phonemfestival.ch\/"},{"@type":"ListItem","position":2,"name":"Info"}]},{"@type":"WebSite","@id":"https:\/\/phonemfestival.ch\/#website","url":"https:\/\/phonemfestival.ch\/","name":"Phonem Festival","description":"","publisher":{"@id":"https:\/\/phonemfestival.ch\/#organization"},"potentialAction":[{"@type":"SearchAction","target":{"@type":"EntryPoint","urlTemplate":"https:\/\/phonemfestival.ch\/?s={search_term_string}"},"query-input":{"@type":"PropertyValueSpecification","valueRequired":true,"valueName":"search_term_string"}}],"inLanguage":"en-GB"},{"@type":"Organization","@id":"https:\/\/phonemfestival.ch\/#organization","name":"Phonem Festival","url":"https:\/\/phonemfestival.ch\/","logo":{"@type":"ImageObject","inLanguage":"en-GB","@id":"https:\/\/phonemfestival.ch\/#\/schema\/logo\/image\/","url":"https:\/\/phonemfestival.ch\/wp-content\/uploads\/2025\/12\/Phonem-logo-wave.svg","contentUrl":"https:\/\/phonemfestival.ch\/wp-content\/uploads\/2025\/12\/Phonem-logo-wave.svg","caption":"Phonem Festival"},"image":{"@id":"https:\/\/phonemfestival.ch\/#\/schema\/logo\/image\/"},"sameAs":["https:\/\/www.facebook.com\/people\/Phonem-Zwei-Tage-Zeit\/pfbid02DsAuc7tnHShAhL38Y3kdRKUWQNNm4mgD2krJLm8UWJLs6kKWbGAE6AUXEjw4dgAdl\/","https:\/\/www.instagram.com\/phonem_festival\/"]}]}},"_links":{"self":[{"href":"https:\/\/phonemfestival.ch\/en\/wp-json\/wp\/v2\/pages\/298","targetHints":{"allow":["GET"]}}],"collection":[{"href":"https:\/\/phonemfestival.ch\/en\/wp-json\/wp\/v2\/pages"}],"about":[{"href":"https:\/\/phonemfestival.ch\/en\/wp-json\/wp\/v2\/types\/page"}],"author":[{"embeddable":true,"href":"https:\/\/phonemfestival.ch\/en\/wp-json\/wp\/v2\/users\/1"}],"replies":[{"embeddable":true,"href":"https:\/\/phonemfestival.ch\/en\/wp-json\/wp\/v2\/comments?post=298"}],"version-history":[{"count":5,"href":"https:\/\/phonemfestival.ch\/en\/wp-json\/wp\/v2\/pages\/298\/revisions"}],"predecessor-version":[{"id":1242,"href":"https:\/\/phonemfestival.ch\/en\/wp-json\/wp\/v2\/pages\/298\/revisions\/1242"}],"wp:attachment":[{"href":"https:\/\/phonemfestival.ch\/en\/wp-json\/wp\/v2\/media?parent=298"}],"curies":[{"name":"wp","href":"https:\/\/api.w.org\/{rel}","templated":true}]}}