{"id":421,"date":"2025-12-18T08:42:10","date_gmt":"2025-12-18T07:42:10","guid":{"rendered":"https:\/\/phonemfestival.ch\/?page_id=421"},"modified":"2026-01-05T10:24:06","modified_gmt":"2026-01-05T09:24:06","slug":"archiv","status":"publish","type":"page","link":"https:\/\/phonemfestival.ch\/en\/archiv\/","title":{"rendered":"Archive"},"content":{"rendered":"<div data-elementor-type=\"wp-page\" data-elementor-id=\"421\" class=\"elementor elementor-421\" data-elementor-post-type=\"page\">\n\t\t\t\t<div class=\"elementor-element elementor-element-8fae49f e-flex e-con-boxed e-con e-parent\" data-id=\"8fae49f\" data-element_type=\"container\" data-e-type=\"container\">\n\t\t\t\t\t<div class=\"e-con-inner\">\n\t\t\t\t<div class=\"elementor-element elementor-element-e1b6b87 elementor-widget elementor-widget-heading\" data-id=\"e1b6b87\" data-element_type=\"widget\" data-e-type=\"widget\" data-no-translation=\"\" data-widget_type=\"heading.default\">\n\t\t\t\t\t<style>.elementor-element-e1b6b87{display:none !important}<\/style>\t\t\t\t<\/div>\n\t\t\t\t<div class=\"elementor-element elementor-element-664675c elementor-widget elementor-widget-heading\" data-id=\"664675c\" data-element_type=\"widget\" data-e-type=\"widget\" data-no-translation=\"\" data-widget_type=\"heading.default\">\n\t\t\t\t\t<h1 class=\"elementor-heading-title elementor-size-default\">HISTORY OF THE FESTIVAL<\/h1>\t\t\t\t<\/div>\n\t\t\t\t<div class=\"elementor-element elementor-element-3694055 elementor-widget elementor-widget-heading\" data-id=\"3694055\" data-element_type=\"widget\" data-e-type=\"widget\" data-widget_type=\"heading.default\">\n\t\t\t\t\t<h1 class=\"elementor-heading-title elementor-size-default\">ZWEI TAGE ZEIT<\/h1>\t\t\t\t<\/div>\n\t\t\t\t<div class=\"elementor-element elementor-element-5a87c6d elementor-widget elementor-widget-text-editor\" data-id=\"5a87c6d\" data-element_type=\"widget\" data-e-type=\"widget\" data-no-translation=\"\" data-widget_type=\"text-editor.default\">\n\t\t\t\t\t<style>.elementor-element-5a87c6d{display:none !important}<\/style>\t\t\t\t<\/div>\n\t\t\t\t<div class=\"elementor-element elementor-element-d8a54e9 elementor-widget elementor-widget-text-editor\" data-id=\"d8a54e9\" data-element_type=\"widget\" data-e-type=\"widget\" data-no-translation=\"\" data-widget_type=\"text-editor.default\">\n\t\t\t\t\t\t\t\t\t<p>Zwei Tage Zeit was founded in 2006 by Zurich-based double bassist Daniel Studer in collaboration with institutions such as the Musikpodium der Stadt Z\u00fcrich, IGNM Z\u00fcrich and WIM Z\u00fcrich. Since its inception, the festival has played a significant role in shaping Zurich\u2019s cultural landscape and has taken place across various cultural venues in the city, including Theater Rigiblick and Kunstraum Walcheturm.<\/p><p>With Daniel Studer passing the baton to a new generation for its 11th edition, the festival enters a new chapter as the PHONEM Festival, organized entirely by the newly founded association Zwei Tage Zeit. The artistic direction is now in the hands of two Switzerland-based artists who play key roles in both the Swiss and international improvised music scenes.<\/p>\t\t\t\t\t\t\t\t<\/div>\n\t\t\t\t\t<\/div>\n\t\t\t\t<\/div>\n\t\t<div class=\"elementor-element elementor-element-41a2375 e-flex e-con-boxed e-con e-parent\" data-id=\"41a2375\" data-element_type=\"container\" data-e-type=\"container\">\n\t\t\t\t\t<div class=\"e-con-inner\">\n\t\t<div class=\"elementor-element elementor-element-f2a9f97 e-con-full e-flex e-con e-child\" data-id=\"f2a9f97\" data-element_type=\"container\" data-e-type=\"container\">\n\t\t\t\t<div class=\"elementor-element elementor-element-7a47e22 elementor-widget elementor-widget-heading\" data-id=\"7a47e22\" data-element_type=\"widget\" data-e-type=\"widget\" data-widget_type=\"heading.default\">\n\t\t\t\t\t<h2 class=\"elementor-heading-title elementor-size-default\">Curators<br>2006 - 2024<\/h2>\t\t\t\t<\/div>\n\t\t\t\t<\/div>\n\t\t<div class=\"elementor-element elementor-element-36bb390 e-con-full e-flex e-con e-child\" data-id=\"36bb390\" data-element_type=\"container\" data-e-type=\"container\">\n\t\t\t\t<div class=\"elementor-element elementor-element-f3dd5a4 elementor-widget elementor-widget-text-editor\" data-id=\"f3dd5a4\" data-element_type=\"widget\" data-e-type=\"widget\" data-widget_type=\"text-editor.default\">\n\t\t\t\t\t\t\t\t\t<p>Peter K. Frey, Valentin Marti, Daniel Studer, Alfred Zimmerlin, Michael Heisch, Moritz M\u00fcllenbach, Christian Wolfarth, Michel Ziegler, Jonas Labhart, Heinrich M\u00e4tzener, Antoine Chessex, Sandra Weiss, Tizia Zimmermann, Frantz Loriot<\/p>\t\t\t\t\t\t\t\t<\/div>\n\t\t\t\t<\/div>\n\t\t\t\t\t<\/div>\n\t\t\t\t<\/div>\n\t\t<div class=\"elementor-element elementor-element-39dec02 e-flex e-con-boxed e-con e-parent\" data-id=\"39dec02\" data-element_type=\"container\" data-e-type=\"container\">\n\t\t\t\t\t<div class=\"e-con-inner\">\n\t\t<div class=\"elementor-element elementor-element-ca2f8ea e-con-full e-flex e-con e-child\" data-id=\"ca2f8ea\" data-element_type=\"container\" data-e-type=\"container\">\n\t\t\t\t<div class=\"elementor-element elementor-element-fe45621 elementor-widget elementor-widget-heading\" data-id=\"fe45621\" data-element_type=\"widget\" data-e-type=\"widget\" data-widget_type=\"heading.default\">\n\t\t\t\t\t<h2 class=\"elementor-heading-title elementor-size-default\">Artists<\/h2>\t\t\t\t<\/div>\n\t\t\t\t<\/div>\n\t\t<div class=\"elementor-element elementor-element-1e7d865 e-con-full e-flex e-con e-child\" data-id=\"1e7d865\" data-element_type=\"container\" data-e-type=\"container\">\n\t\t\t\t<div class=\"elementor-element elementor-element-e0a6940 elementor-widget elementor-widget-text-editor\" data-id=\"e0a6940\" data-element_type=\"widget\" data-e-type=\"widget\" data-widget_type=\"text-editor.default\">\n\t\t\t\t\t\t\t\t\t<p>Dead Plants &amp; Living Objects (Rie Nakajima &amp; Pierre Berthet), Ziki Stunadu (Phil Durrant \/ Harald Kimmig \/ Francesca Naibo \/ Daniel Studer \/ Alfred Zimmerlin), Ce qui dure dans ce qui dure (Lotus Edd\u00e9 Khouri &amp; Jean-Luc Guionnet), Duo David Meier &amp; Ramon Landolt, Annette Krebs Solo, IOIC Orchestra (Pablo Assandri \/ Dorothea Sch\u00fcrch \/ Hans Koch \/ Flo Stoffner \/ Paul Hubweber \/ Anouck Genthon \/ Martin Sch\u00fctz \/ Marina Mello Andrade \/ John Edwards \/ Katharina Ernst \/ Peter Conradin Zumthor), Meandertale (Lara S\u00fcss &amp; Jacek Chmiel), Summetria (Cyprien Busolini \/ Frantz Loriot \/ Burkhard Beins \/ Christian Wolfarth), Azeotrop (Dominik Blum &amp; Peter Conradin Zumthor), N.E.W.: The Blob (Sabine Ercklentz \/ Andrea Neumann \/ Ute Wassermann), Duo Dafni Stefanou &amp; Jonas Kocher, Tree Ear (Sebastian Strinning \/ Manuel Troller \/ Gerry Hemingway), Katharina Klement solo, PST (Eddie Pr\u00e9vost \/ Giancarlo Schiaffini \/ Silvan Schmid), Duo Nina Garcia &amp; Maria Bertel, Beat the Odds (Elisabeth Coudoux \/ Ricardo Jacinto \/ F\u00e9licie Bazelaire \/ Pascal Niggenkemper), Sophie Agnel solo, Ariha Brass Quartet (Axel D\u00f6rner \/ Franz Hautzinger \/ Mazen Kerbaj \/ Carl Ludwig H\u00fcbsch), Duo Roland Dahinden &amp; Hildegard Kleeb, Jason Kahn Solo, Evi Beast \u2013 Ko\u00ef (Delphine Depres \/ B\u00e9atrice Graf \/ Coralie Lonfat \/ Sandra Weiss), Marianne Schuppe Solo, Duo Anna Huber &amp; Martin Sch\u00fctz, Quartet Paul Dunmall \/ Liam Noble \/ John Edwards \/ Mark Sanders, Afro Garage (Christoph Baumann \/ Jacques Siron \/ Dieter Ulrich), Christian Kobi solo, Quartet Hideto Heshiki \/ Michael Schumacher \/ Harald Kimmig \/ Mary Oliver \/ Fiona Zolg, Hubbub (Fr\u00e9d\u00e9ric Blondy \/ Bertrand Denzler \/ Jean-Luc Guionnet \/ Jean-S\u00e9bastien Mariage \/ Edward Perraud), Ear Lights, Eye Sounds (Andy Guhl solo), KARL ein KARL (Peter K Frey \/ Michel Seigner \/ Alfred Zimmerlin), Duo Olaf Rupp &amp; GoetRoggeZ, Shift (Frank Gratkowski \/ Philip Zoubek \/ Thomas Lehn \/ Dieter Manderscheid \/ Martin Blume), LDP (Urs Leimgruber \/ Jacques Demierre \/ Barre Phillips), Duo Fine Kwiatkowski &amp; Hans Tammen, Polwechsel (Burkhard Beins \/ Martin Brandlmayr \/ Werner Dafeldecker \/ Michael Moser), Phantom Orchard ( Ikue Mori &amp; Zeena Parkins), Helen Petts , Duo Phil Minton &amp; Roger Turner, Signs \u2013 Shapes (Teodora Stenpancic &amp; Martin Lorenz), Magma von Str\u00f8m (Gaudenz Badrutt &amp; Christian M\u00fcller), Visavis (Sylwia Zytynska &amp; Fritz Hauser), Spill (Magda Mayas &amp; Tony Buck), HAR DU SETT SVERDRUP (Joke Lanz &amp; Christian Weber), Trio Hans Koch \/ Martin Sch\u00fctz \/ Fredy Studer, Duo Christine Sehnaoui &amp; Hans Koch, Norbert M\u00f6slang solo, Full Blast (Peter Br\u00f6tzmann \/ Marino Pliakas \/ Michael Wertm\u00fcller), &lt;mono&gt; (Christoph Gallio &amp; Beat Streuli), Duo Luigi Archetti &amp; Herv\u00e9 Provini, Duo John Butcher &amp; Gerry Hemingway, Radio Funkloch (Sebastian Hofmann solo), Duo Dorothea Rust &amp; Malcom Goldstein, Trio Harald Kimmig \/ Carl Ludwig H\u00fcbsch \/ L\u00ea Quan Ninh, Aleksander Kolkowski solo, Duo Jacques Demierre &amp; Isabelle Duthoit, Markus Eichenberger solo, Duo Peter Mettler &amp; Fred Frith, Stephan Wittwer solo, Duo Giancarlo Schiaffini &amp; Sebastiano Tramontana, Claudia Ulla Binder solo, Duo G\u00fcnter M\u00fcller &amp; Christian Wolfarth, Trio Paul Hubweber \/ John Edwards \/ Paul Lovens, Duo Lionel Marchetti &amp; Y\u00f4ko Higashi<\/p>\t\t\t\t\t\t\t\t<\/div>\n\t\t\t\t<\/div>\n\t\t\t\t\t<\/div>\n\t\t\t\t<\/div>\n\t\t<div class=\"elementor-element elementor-element-1cc61fd e-flex e-con-boxed e-con e-parent\" data-id=\"1cc61fd\" data-element_type=\"container\" data-e-type=\"container\">\n\t\t\t\t\t<div class=\"e-con-inner\">\n\t\t<div class=\"elementor-element elementor-element-e5639b5 e-con-full e-flex e-con e-child\" data-id=\"e5639b5\" data-element_type=\"container\" data-e-type=\"container\">\n\t\t\t\t<\/div>\n\t\t<div class=\"elementor-element elementor-element-53f0999 e-con-full e-flex e-con e-child\" data-id=\"53f0999\" data-element_type=\"container\" data-e-type=\"container\">\n\t\t\t\t<div class=\"elementor-element elementor-element-8967e14 elementor-widget elementor-widget-text-editor\" data-id=\"8967e14\" data-element_type=\"widget\" data-e-type=\"widget\" data-widget_type=\"text-editor.default\">\n\t\t\t\t\t\t\t\t\t<p><a href=\"http:\/\/www.zweitagezeit.ch\" target=\"_blank\" rel=\"noopener\">www.zweitagezeit.ch<\/a><\/p>\t\t\t\t\t\t\t\t<\/div>\n\t\t\t\t<\/div>\n\t\t\t\t\t<\/div>\n\t\t\t\t<\/div>\n\t\t\t\t<\/div>","protected":false},"excerpt":{"rendered":"<p>DIE GESCHICHTE DES FESTIVALS ZWEI TAGE ZEIT Zwei Tage Zeit wurde 2006 vom Z\u00fcrcher Kontrabassisten Daniel Studer in Zusammenarbeit mit Institutionen wie dem Musikpodium der Stadt Z\u00fcrich, der IGNM Z\u00fcrich und der WIM Z\u00fcrich gegr\u00fcndet. Seither pr\u00e4gt das Festival die Z\u00fcrcher Kulturszene massgeblich und findet in verschiedenen Kulturr\u00e4umen der Stadt statt, darunter dem Theater Rigiblick [&hellip;]<\/p>\n","protected":false},"author":1,"featured_media":0,"parent":0,"menu_order":0,"comment_status":"closed","ping_status":"closed","template":"","meta":{"footnotes":""},"class_list":["post-421","page","type-page","status-publish","hentry"],"yoast_head":"<!-- This site is optimized with the Yoast SEO plugin v27.4 - https:\/\/yoast.com\/product\/yoast-seo-wordpress\/ -->\n<title>Archiv - Phonem Festival<\/title>\n<meta name=\"robots\" content=\"index, follow, max-snippet:-1, max-image-preview:large, max-video-preview:-1\" \/>\n<link rel=\"canonical\" href=\"https:\/\/phonemfestival.ch\/en\/archiv\/\" \/>\n<meta property=\"og:locale\" content=\"en_GB\" \/>\n<meta property=\"og:type\" content=\"article\" \/>\n<meta property=\"og:title\" content=\"Archiv - Phonem Festival\" \/>\n<meta property=\"og:description\" content=\"DIE GESCHICHTE DES FESTIVALS ZWEI TAGE ZEIT Zwei Tage Zeit wurde 2006 vom Z\u00fcrcher Kontrabassisten Daniel Studer in Zusammenarbeit mit Institutionen wie dem Musikpodium der Stadt Z\u00fcrich, der IGNM Z\u00fcrich und der WIM Z\u00fcrich gegr\u00fcndet. Seither pr\u00e4gt das Festival die Z\u00fcrcher Kulturszene massgeblich und findet in verschiedenen Kulturr\u00e4umen der Stadt statt, darunter dem Theater Rigiblick [&hellip;]\" \/>\n<meta property=\"og:url\" content=\"https:\/\/phonemfestival.ch\/en\/archiv\/\" \/>\n<meta property=\"og:site_name\" content=\"Phonem Festival\" \/>\n<meta property=\"article:publisher\" content=\"https:\/\/www.facebook.com\/people\/Phonem-Zwei-Tage-Zeit\/pfbid02DsAuc7tnHShAhL38Y3kdRKUWQNNm4mgD2krJLm8UWJLs6kKWbGAE6AUXEjw4dgAdl\/\" \/>\n<meta property=\"article:modified_time\" content=\"2026-01-05T09:24:06+00:00\" \/>\n<meta name=\"twitter:card\" content=\"summary_large_image\" \/>\n<meta name=\"twitter:label1\" content=\"Estimated reading time\" \/>\n\t<meta name=\"twitter:data1\" content=\"4 minutes\" \/>\n<script type=\"application\/ld+json\" class=\"yoast-schema-graph\">{\"@context\":\"https:\\\/\\\/schema.org\",\"@graph\":[{\"@type\":\"WebPage\",\"@id\":\"https:\\\/\\\/phonemfestival.ch\\\/archiv\\\/\",\"url\":\"https:\\\/\\\/phonemfestival.ch\\\/archiv\\\/\",\"name\":\"Archiv - Phonem Festival\",\"isPartOf\":{\"@id\":\"https:\\\/\\\/phonemfestival.ch\\\/#website\"},\"datePublished\":\"2025-12-18T07:42:10+00:00\",\"dateModified\":\"2026-01-05T09:24:06+00:00\",\"breadcrumb\":{\"@id\":\"https:\\\/\\\/phonemfestival.ch\\\/archiv\\\/#breadcrumb\"},\"inLanguage\":\"en-GB\",\"potentialAction\":[{\"@type\":\"ReadAction\",\"target\":[\"https:\\\/\\\/phonemfestival.ch\\\/archiv\\\/\"]}]},{\"@type\":\"BreadcrumbList\",\"@id\":\"https:\\\/\\\/phonemfestival.ch\\\/archiv\\\/#breadcrumb\",\"itemListElement\":[{\"@type\":\"ListItem\",\"position\":1,\"name\":\"Home\",\"item\":\"https:\\\/\\\/phonemfestival.ch\\\/\"},{\"@type\":\"ListItem\",\"position\":2,\"name\":\"Archiv\"}]},{\"@type\":\"WebSite\",\"@id\":\"https:\\\/\\\/phonemfestival.ch\\\/#website\",\"url\":\"https:\\\/\\\/phonemfestival.ch\\\/\",\"name\":\"Phonem Festival\",\"description\":\"\",\"publisher\":{\"@id\":\"https:\\\/\\\/phonemfestival.ch\\\/#organization\"},\"potentialAction\":[{\"@type\":\"SearchAction\",\"target\":{\"@type\":\"EntryPoint\",\"urlTemplate\":\"https:\\\/\\\/phonemfestival.ch\\\/?s={search_term_string}\"},\"query-input\":{\"@type\":\"PropertyValueSpecification\",\"valueRequired\":true,\"valueName\":\"search_term_string\"}}],\"inLanguage\":\"en-GB\"},{\"@type\":\"Organization\",\"@id\":\"https:\\\/\\\/phonemfestival.ch\\\/#organization\",\"name\":\"Phonem Festival\",\"url\":\"https:\\\/\\\/phonemfestival.ch\\\/\",\"logo\":{\"@type\":\"ImageObject\",\"inLanguage\":\"en-GB\",\"@id\":\"https:\\\/\\\/phonemfestival.ch\\\/#\\\/schema\\\/logo\\\/image\\\/\",\"url\":\"https:\\\/\\\/phonemfestival.ch\\\/wp-content\\\/uploads\\\/2025\\\/12\\\/Phonem-logo-wave.svg\",\"contentUrl\":\"https:\\\/\\\/phonemfestival.ch\\\/wp-content\\\/uploads\\\/2025\\\/12\\\/Phonem-logo-wave.svg\",\"caption\":\"Phonem Festival\"},\"image\":{\"@id\":\"https:\\\/\\\/phonemfestival.ch\\\/#\\\/schema\\\/logo\\\/image\\\/\"},\"sameAs\":[\"https:\\\/\\\/www.facebook.com\\\/people\\\/Phonem-Zwei-Tage-Zeit\\\/pfbid02DsAuc7tnHShAhL38Y3kdRKUWQNNm4mgD2krJLm8UWJLs6kKWbGAE6AUXEjw4dgAdl\\\/\",\"https:\\\/\\\/www.instagram.com\\\/phonem_festival\\\/\"]}]}<\/script>\n<!-- \/ Yoast SEO plugin. -->","yoast_head_json":{"title":"Archiv - Phonem Festival","robots":{"index":"index","follow":"follow","max-snippet":"max-snippet:-1","max-image-preview":"max-image-preview:large","max-video-preview":"max-video-preview:-1"},"canonical":"https:\/\/phonemfestival.ch\/en\/archiv\/","og_locale":"en_GB","og_type":"article","og_title":"Archiv - Phonem Festival","og_description":"DIE GESCHICHTE DES FESTIVALS ZWEI TAGE ZEIT Zwei Tage Zeit wurde 2006 vom Z\u00fcrcher Kontrabassisten Daniel Studer in Zusammenarbeit mit Institutionen wie dem Musikpodium der Stadt Z\u00fcrich, der IGNM Z\u00fcrich und der WIM Z\u00fcrich gegr\u00fcndet. Seither pr\u00e4gt das Festival die Z\u00fcrcher Kulturszene massgeblich und findet in verschiedenen Kulturr\u00e4umen der Stadt statt, darunter dem Theater Rigiblick [&hellip;]","og_url":"https:\/\/phonemfestival.ch\/en\/archiv\/","og_site_name":"Phonem Festival","article_publisher":"https:\/\/www.facebook.com\/people\/Phonem-Zwei-Tage-Zeit\/pfbid02DsAuc7tnHShAhL38Y3kdRKUWQNNm4mgD2krJLm8UWJLs6kKWbGAE6AUXEjw4dgAdl\/","article_modified_time":"2026-01-05T09:24:06+00:00","twitter_card":"summary_large_image","twitter_misc":{"Estimated reading time":"4 minutes"},"schema":{"@context":"https:\/\/schema.org","@graph":[{"@type":"WebPage","@id":"https:\/\/phonemfestival.ch\/archiv\/","url":"https:\/\/phonemfestival.ch\/archiv\/","name":"Archiv - Phonem Festival","isPartOf":{"@id":"https:\/\/phonemfestival.ch\/#website"},"datePublished":"2025-12-18T07:42:10+00:00","dateModified":"2026-01-05T09:24:06+00:00","breadcrumb":{"@id":"https:\/\/phonemfestival.ch\/archiv\/#breadcrumb"},"inLanguage":"en-GB","potentialAction":[{"@type":"ReadAction","target":["https:\/\/phonemfestival.ch\/archiv\/"]}]},{"@type":"BreadcrumbList","@id":"https:\/\/phonemfestival.ch\/archiv\/#breadcrumb","itemListElement":[{"@type":"ListItem","position":1,"name":"Home","item":"https:\/\/phonemfestival.ch\/"},{"@type":"ListItem","position":2,"name":"Archiv"}]},{"@type":"WebSite","@id":"https:\/\/phonemfestival.ch\/#website","url":"https:\/\/phonemfestival.ch\/","name":"Phonem Festival","description":"","publisher":{"@id":"https:\/\/phonemfestival.ch\/#organization"},"potentialAction":[{"@type":"SearchAction","target":{"@type":"EntryPoint","urlTemplate":"https:\/\/phonemfestival.ch\/?s={search_term_string}"},"query-input":{"@type":"PropertyValueSpecification","valueRequired":true,"valueName":"search_term_string"}}],"inLanguage":"en-GB"},{"@type":"Organization","@id":"https:\/\/phonemfestival.ch\/#organization","name":"Phonem Festival","url":"https:\/\/phonemfestival.ch\/","logo":{"@type":"ImageObject","inLanguage":"en-GB","@id":"https:\/\/phonemfestival.ch\/#\/schema\/logo\/image\/","url":"https:\/\/phonemfestival.ch\/wp-content\/uploads\/2025\/12\/Phonem-logo-wave.svg","contentUrl":"https:\/\/phonemfestival.ch\/wp-content\/uploads\/2025\/12\/Phonem-logo-wave.svg","caption":"Phonem Festival"},"image":{"@id":"https:\/\/phonemfestival.ch\/#\/schema\/logo\/image\/"},"sameAs":["https:\/\/www.facebook.com\/people\/Phonem-Zwei-Tage-Zeit\/pfbid02DsAuc7tnHShAhL38Y3kdRKUWQNNm4mgD2krJLm8UWJLs6kKWbGAE6AUXEjw4dgAdl\/","https:\/\/www.instagram.com\/phonem_festival\/"]}]}},"_links":{"self":[{"href":"https:\/\/phonemfestival.ch\/en\/wp-json\/wp\/v2\/pages\/421","targetHints":{"allow":["GET"]}}],"collection":[{"href":"https:\/\/phonemfestival.ch\/en\/wp-json\/wp\/v2\/pages"}],"about":[{"href":"https:\/\/phonemfestival.ch\/en\/wp-json\/wp\/v2\/types\/page"}],"author":[{"embeddable":true,"href":"https:\/\/phonemfestival.ch\/en\/wp-json\/wp\/v2\/users\/1"}],"replies":[{"embeddable":true,"href":"https:\/\/phonemfestival.ch\/en\/wp-json\/wp\/v2\/comments?post=421"}],"version-history":[{"count":5,"href":"https:\/\/phonemfestival.ch\/en\/wp-json\/wp\/v2\/pages\/421\/revisions"}],"predecessor-version":[{"id":1224,"href":"https:\/\/phonemfestival.ch\/en\/wp-json\/wp\/v2\/pages\/421\/revisions\/1224"}],"wp:attachment":[{"href":"https:\/\/phonemfestival.ch\/en\/wp-json\/wp\/v2\/media?parent=421"}],"curies":[{"name":"wp","href":"https:\/\/api.w.org\/{rel}","templated":true}]}}