{"id":441,"date":"2025-12-18T10:08:57","date_gmt":"2025-12-18T09:08:57","guid":{"rendered":"https:\/\/phonemfestival.ch\/?page_id=441"},"modified":"2025-12-22T15:02:36","modified_gmt":"2025-12-22T14:02:36","slug":"sustainability","status":"publish","type":"page","link":"https:\/\/phonemfestival.ch\/en\/sustainability\/","title":{"rendered":"Sustainability"},"content":{"rendered":"<div data-elementor-type=\"wp-page\" data-elementor-id=\"441\" class=\"elementor elementor-441\" data-elementor-post-type=\"page\">\n\t\t\t\t<div class=\"elementor-element elementor-element-8fae49f e-flex e-con-boxed e-con e-parent\" data-id=\"8fae49f\" data-element_type=\"container\" data-e-type=\"container\">\n\t\t\t\t\t<div class=\"e-con-inner\">\n\t\t\t\t<div class=\"elementor-element elementor-element-3694055 elementor-widget elementor-widget-heading\" data-id=\"3694055\" data-element_type=\"widget\" data-e-type=\"widget\" data-widget_type=\"heading.default\">\n\t\t\t\t\t<h1 class=\"elementor-heading-title elementor-size-default\">SUSTAINABILITY<\/h1>\t\t\t\t<\/div>\n\t\t\t\t<div class=\"elementor-element elementor-element-5a87c6d elementor-widget elementor-widget-text-editor\" data-id=\"5a87c6d\" data-element_type=\"widget\" data-e-type=\"widget\" data-no-translation=\"\" data-widget_type=\"text-editor.default\">\n\t\t\t\t\t<style>.elementor-element-5a87c6d{display:none !important}<\/style>\t\t\t\t<\/div>\n\t\t\t\t<div class=\"elementor-element elementor-element-21e8b84 elementor-widget elementor-widget-text-editor\" data-id=\"21e8b84\" data-element_type=\"widget\" data-e-type=\"widget\" data-no-translation=\"\" data-widget_type=\"text-editor.default\">\n\t\t\t\t\t\t\t\t\t<p>The association Zwei Tage Zeit places sustainability principles at the core of the organization of the PHONEM Festival. This commitment is reflected in the responsible management of resources, a strong emphasis on local and national collaborations and infrastructures and particular attention to reducing the environmental impact of our activities as much as possible. We strive to promote transparent, efficient and respectful practices in order to support sustainable cultural development. Through this approach, we affirm our intention to anchor the festival within a long-term perspective, serving both the artistic community and the Zurich region.<\/p>\t\t\t\t\t\t\t\t<\/div>\n\t\t\t\t\t<\/div>\n\t\t\t\t<\/div>\n\t\t\t\t<\/div>","protected":false},"excerpt":{"rendered":"<p>SUSTAINABILITY Der Verein Zwei Tage Zeit stellt Nachhaltigkeit in den Mittelpunkt der Organisation des PHONEM Festivals. Dieses Engagement spiegelt sich in einem verantwortungsvollen Umgang mit Ressourcen, einer starken Betonung lokaler und nationaler Kooperationen und Infrastrukturen sowie einem besonderen Augenmerk auf die gr\u00f6sstm\u00f6gliche Reduzierung der Umweltbelastung durch unsere Aktivit\u00e4ten wider. Wir bem\u00fchen uns um transparente, eOiziente [&hellip;]<\/p>\n","protected":false},"author":1,"featured_media":0,"parent":0,"menu_order":0,"comment_status":"closed","ping_status":"closed","template":"","meta":{"footnotes":""},"class_list":["post-441","page","type-page","status-publish","hentry"],"yoast_head":"<!-- This site is optimized with the Yoast SEO plugin v27.4 - https:\/\/yoast.com\/product\/yoast-seo-wordpress\/ -->\n<title>Sustainability - Phonem Festival<\/title>\n<meta name=\"robots\" content=\"index, follow, max-snippet:-1, max-image-preview:large, max-video-preview:-1\" \/>\n<link rel=\"canonical\" href=\"https:\/\/phonemfestival.ch\/en\/sustainability\/\" \/>\n<meta property=\"og:locale\" content=\"en_GB\" \/>\n<meta property=\"og:type\" content=\"article\" \/>\n<meta property=\"og:title\" content=\"Sustainability - Phonem Festival\" \/>\n<meta property=\"og:description\" content=\"SUSTAINABILITY Der Verein Zwei Tage Zeit stellt Nachhaltigkeit in den Mittelpunkt der Organisation des PHONEM Festivals. Dieses Engagement spiegelt sich in einem verantwortungsvollen Umgang mit Ressourcen, einer starken Betonung lokaler und nationaler Kooperationen und Infrastrukturen sowie einem besonderen Augenmerk auf die gr\u00f6sstm\u00f6gliche Reduzierung der Umweltbelastung durch unsere Aktivit\u00e4ten wider. Wir bem\u00fchen uns um transparente, eOiziente [&hellip;]\" \/>\n<meta property=\"og:url\" content=\"https:\/\/phonemfestival.ch\/en\/sustainability\/\" \/>\n<meta property=\"og:site_name\" content=\"Phonem Festival\" \/>\n<meta property=\"article:publisher\" content=\"https:\/\/www.facebook.com\/people\/Phonem-Zwei-Tage-Zeit\/pfbid02DsAuc7tnHShAhL38Y3kdRKUWQNNm4mgD2krJLm8UWJLs6kKWbGAE6AUXEjw4dgAdl\/\" \/>\n<meta property=\"article:modified_time\" content=\"2025-12-22T14:02:36+00:00\" \/>\n<meta name=\"twitter:card\" content=\"summary_large_image\" \/>\n<meta name=\"twitter:label1\" content=\"Estimated reading time\" \/>\n\t<meta name=\"twitter:data1\" content=\"1 minute\" \/>\n<script type=\"application\/ld+json\" class=\"yoast-schema-graph\">{\"@context\":\"https:\\\/\\\/schema.org\",\"@graph\":[{\"@type\":\"WebPage\",\"@id\":\"https:\\\/\\\/phonemfestival.ch\\\/sustainability\\\/\",\"url\":\"https:\\\/\\\/phonemfestival.ch\\\/sustainability\\\/\",\"name\":\"Sustainability - Phonem Festival\",\"isPartOf\":{\"@id\":\"https:\\\/\\\/phonemfestival.ch\\\/#website\"},\"datePublished\":\"2025-12-18T09:08:57+00:00\",\"dateModified\":\"2025-12-22T14:02:36+00:00\",\"breadcrumb\":{\"@id\":\"https:\\\/\\\/phonemfestival.ch\\\/sustainability\\\/#breadcrumb\"},\"inLanguage\":\"en-GB\",\"potentialAction\":[{\"@type\":\"ReadAction\",\"target\":[\"https:\\\/\\\/phonemfestival.ch\\\/sustainability\\\/\"]}]},{\"@type\":\"BreadcrumbList\",\"@id\":\"https:\\\/\\\/phonemfestival.ch\\\/sustainability\\\/#breadcrumb\",\"itemListElement\":[{\"@type\":\"ListItem\",\"position\":1,\"name\":\"Home\",\"item\":\"https:\\\/\\\/phonemfestival.ch\\\/\"},{\"@type\":\"ListItem\",\"position\":2,\"name\":\"Sustainability\"}]},{\"@type\":\"WebSite\",\"@id\":\"https:\\\/\\\/phonemfestival.ch\\\/#website\",\"url\":\"https:\\\/\\\/phonemfestival.ch\\\/\",\"name\":\"Phonem Festival\",\"description\":\"\",\"publisher\":{\"@id\":\"https:\\\/\\\/phonemfestival.ch\\\/#organization\"},\"potentialAction\":[{\"@type\":\"SearchAction\",\"target\":{\"@type\":\"EntryPoint\",\"urlTemplate\":\"https:\\\/\\\/phonemfestival.ch\\\/?s={search_term_string}\"},\"query-input\":{\"@type\":\"PropertyValueSpecification\",\"valueRequired\":true,\"valueName\":\"search_term_string\"}}],\"inLanguage\":\"en-GB\"},{\"@type\":\"Organization\",\"@id\":\"https:\\\/\\\/phonemfestival.ch\\\/#organization\",\"name\":\"Phonem Festival\",\"url\":\"https:\\\/\\\/phonemfestival.ch\\\/\",\"logo\":{\"@type\":\"ImageObject\",\"inLanguage\":\"en-GB\",\"@id\":\"https:\\\/\\\/phonemfestival.ch\\\/#\\\/schema\\\/logo\\\/image\\\/\",\"url\":\"https:\\\/\\\/phonemfestival.ch\\\/wp-content\\\/uploads\\\/2025\\\/12\\\/Phonem-logo-wave.svg\",\"contentUrl\":\"https:\\\/\\\/phonemfestival.ch\\\/wp-content\\\/uploads\\\/2025\\\/12\\\/Phonem-logo-wave.svg\",\"caption\":\"Phonem Festival\"},\"image\":{\"@id\":\"https:\\\/\\\/phonemfestival.ch\\\/#\\\/schema\\\/logo\\\/image\\\/\"},\"sameAs\":[\"https:\\\/\\\/www.facebook.com\\\/people\\\/Phonem-Zwei-Tage-Zeit\\\/pfbid02DsAuc7tnHShAhL38Y3kdRKUWQNNm4mgD2krJLm8UWJLs6kKWbGAE6AUXEjw4dgAdl\\\/\",\"https:\\\/\\\/www.instagram.com\\\/phonem_festival\\\/\"]}]}<\/script>\n<!-- \/ Yoast SEO plugin. -->","yoast_head_json":{"title":"Sustainability - Phonem Festival","robots":{"index":"index","follow":"follow","max-snippet":"max-snippet:-1","max-image-preview":"max-image-preview:large","max-video-preview":"max-video-preview:-1"},"canonical":"https:\/\/phonemfestival.ch\/en\/sustainability\/","og_locale":"en_GB","og_type":"article","og_title":"Sustainability - Phonem Festival","og_description":"SUSTAINABILITY Der Verein Zwei Tage Zeit stellt Nachhaltigkeit in den Mittelpunkt der Organisation des PHONEM Festivals. Dieses Engagement spiegelt sich in einem verantwortungsvollen Umgang mit Ressourcen, einer starken Betonung lokaler und nationaler Kooperationen und Infrastrukturen sowie einem besonderen Augenmerk auf die gr\u00f6sstm\u00f6gliche Reduzierung der Umweltbelastung durch unsere Aktivit\u00e4ten wider. Wir bem\u00fchen uns um transparente, eOiziente [&hellip;]","og_url":"https:\/\/phonemfestival.ch\/en\/sustainability\/","og_site_name":"Phonem Festival","article_publisher":"https:\/\/www.facebook.com\/people\/Phonem-Zwei-Tage-Zeit\/pfbid02DsAuc7tnHShAhL38Y3kdRKUWQNNm4mgD2krJLm8UWJLs6kKWbGAE6AUXEjw4dgAdl\/","article_modified_time":"2025-12-22T14:02:36+00:00","twitter_card":"summary_large_image","twitter_misc":{"Estimated reading time":"1 minute"},"schema":{"@context":"https:\/\/schema.org","@graph":[{"@type":"WebPage","@id":"https:\/\/phonemfestival.ch\/sustainability\/","url":"https:\/\/phonemfestival.ch\/sustainability\/","name":"Sustainability - Phonem Festival","isPartOf":{"@id":"https:\/\/phonemfestival.ch\/#website"},"datePublished":"2025-12-18T09:08:57+00:00","dateModified":"2025-12-22T14:02:36+00:00","breadcrumb":{"@id":"https:\/\/phonemfestival.ch\/sustainability\/#breadcrumb"},"inLanguage":"en-GB","potentialAction":[{"@type":"ReadAction","target":["https:\/\/phonemfestival.ch\/sustainability\/"]}]},{"@type":"BreadcrumbList","@id":"https:\/\/phonemfestival.ch\/sustainability\/#breadcrumb","itemListElement":[{"@type":"ListItem","position":1,"name":"Home","item":"https:\/\/phonemfestival.ch\/"},{"@type":"ListItem","position":2,"name":"Sustainability"}]},{"@type":"WebSite","@id":"https:\/\/phonemfestival.ch\/#website","url":"https:\/\/phonemfestival.ch\/","name":"Phonem Festival","description":"","publisher":{"@id":"https:\/\/phonemfestival.ch\/#organization"},"potentialAction":[{"@type":"SearchAction","target":{"@type":"EntryPoint","urlTemplate":"https:\/\/phonemfestival.ch\/?s={search_term_string}"},"query-input":{"@type":"PropertyValueSpecification","valueRequired":true,"valueName":"search_term_string"}}],"inLanguage":"en-GB"},{"@type":"Organization","@id":"https:\/\/phonemfestival.ch\/#organization","name":"Phonem Festival","url":"https:\/\/phonemfestival.ch\/","logo":{"@type":"ImageObject","inLanguage":"en-GB","@id":"https:\/\/phonemfestival.ch\/#\/schema\/logo\/image\/","url":"https:\/\/phonemfestival.ch\/wp-content\/uploads\/2025\/12\/Phonem-logo-wave.svg","contentUrl":"https:\/\/phonemfestival.ch\/wp-content\/uploads\/2025\/12\/Phonem-logo-wave.svg","caption":"Phonem Festival"},"image":{"@id":"https:\/\/phonemfestival.ch\/#\/schema\/logo\/image\/"},"sameAs":["https:\/\/www.facebook.com\/people\/Phonem-Zwei-Tage-Zeit\/pfbid02DsAuc7tnHShAhL38Y3kdRKUWQNNm4mgD2krJLm8UWJLs6kKWbGAE6AUXEjw4dgAdl\/","https:\/\/www.instagram.com\/phonem_festival\/"]}]}},"_links":{"self":[{"href":"https:\/\/phonemfestival.ch\/en\/wp-json\/wp\/v2\/pages\/441","targetHints":{"allow":["GET"]}}],"collection":[{"href":"https:\/\/phonemfestival.ch\/en\/wp-json\/wp\/v2\/pages"}],"about":[{"href":"https:\/\/phonemfestival.ch\/en\/wp-json\/wp\/v2\/types\/page"}],"author":[{"embeddable":true,"href":"https:\/\/phonemfestival.ch\/en\/wp-json\/wp\/v2\/users\/1"}],"replies":[{"embeddable":true,"href":"https:\/\/phonemfestival.ch\/en\/wp-json\/wp\/v2\/comments?post=441"}],"version-history":[{"count":5,"href":"https:\/\/phonemfestival.ch\/en\/wp-json\/wp\/v2\/pages\/441\/revisions"}],"predecessor-version":[{"id":991,"href":"https:\/\/phonemfestival.ch\/en\/wp-json\/wp\/v2\/pages\/441\/revisions\/991"}],"wp:attachment":[{"href":"https:\/\/phonemfestival.ch\/en\/wp-json\/wp\/v2\/media?parent=441"}],"curies":[{"name":"wp","href":"https:\/\/api.w.org\/{rel}","templated":true}]}}